{"id":18819,"date":"2026-03-09T22:05:13","date_gmt":"2026-03-09T22:05:13","guid":{"rendered":"https:\/\/appfid.com\/br\/cadastro\/"},"modified":"2026-03-20T11:52:33","modified_gmt":"2026-03-20T14:52:33","slug":"cadastro","status":"publish","type":"page","link":"https:\/\/appfid.com\/br\/cadastro\/","title":{"rendered":"Cadastro"},"content":{"rendered":"<div class=\"mas-affiliate-register\">\n    <h2>Cadastro<\/h2>\n\n        \n    \n    <form method=\"post\" action=\"https:\/\/appfid.com\/br\/br\/wp-json\/wp\/v2\/pages\/18819\" class=\"mas-form mas-register-form\" data-mas-submit-lock=\"affiliate-register\" data-mas-submit-timeout=\"20000\">\n        <input type=\"hidden\" id=\"mas_register_nonce\" name=\"mas_register_nonce\" value=\"fc28b26792\" \/><input type=\"hidden\" name=\"_wp_http_referer\" value=\"\/br\/wp-json\/wp\/v2\/pages\/18819\" \/>\n        <div class=\"mas-form-row-half\">\n            <div class=\"mas-form-field\">\n                <label for=\"mas_first_name\">Nome *<\/label>\n                <input type=\"text\" id=\"mas_first_name\" name=\"mas_first_name\" required placeholder=\"Seu primeiro nome\" value=\"\">\n            <\/div>\n            <div class=\"mas-form-field\">\n                <label for=\"mas_last_name\">Sobrenome<\/label>\n                <input type=\"text\" id=\"mas_last_name\" name=\"mas_last_name\" placeholder=\"Seu sobrenome\" value=\"\">\n            <\/div>\n        <\/div>\n\n        <div class=\"mas-form-row-half\">\n            <div class=\"mas-form-field\">\n                <label for=\"mas_email\">E-mail *<\/label>\n                <input type=\"email\" id=\"mas_email\" name=\"mas_email\" required placeholder=\"exemplo@email.com\" value=\"\">\n            <\/div>\n            <div class=\"mas-form-field\">\n                <label for=\"mas_confirm_email\">Repita seu e-mail *<\/label>\n                <input type=\"email\" id=\"mas_confirm_email\" name=\"mas_confirm_email\" required placeholder=\"exemplo@email.com\" value=\"\">\n            <\/div>\n        <\/div>\n\n        <div class=\"mas-form-field\">\n            <label for=\"mas_username\">Nome de Usu\u00e1rio *<\/label>\n            <input type=\"text\" id=\"mas_username\" name=\"mas_username\" required placeholder=\"Escolha um nome de usu\u00e1rio\" value=\"\">\n        <\/div>\n\n        <div class=\"mas-form-field\">\n            <label for=\"mas_referral_code\">C\u00f3digo de indica\u00e7\u00e3o<\/label>\n            <input type=\"text\" id=\"mas_referral_code\" name=\"mas_referral_code\" placeholder=\"123456\" inputmode=\"numeric\" pattern=\"[0-9]*\" maxlength=\"20\" value=\"\">\n            <p class=\"mas-help-text\">Opcional. Se algu\u00e9m indicou voc\u00ea, informe aqui o c\u00f3digo num\u00e9rico recebido.<\/p>\n        <\/div>\n\n        <div class=\"mas-form-row-half\">\n            <div class=\"mas-form-field mas-password-field\">\n                <label for=\"mas_password\">Crie sua senha *<\/label>\n                <div class=\"mas-password-input-wrap\">\n                    <input type=\"password\" id=\"mas_password\" name=\"mas_password\" required minlength=\"6\" placeholder=\"******\" data-mas-password-toggle-target=\"1\">\n                    <button type=\"button\" class=\"mas-password-toggle\" data-mas-password-toggle aria-label=\"Mostrar senha\" aria-pressed=\"false\" title=\"Mostrar senha\">\n                        <span class=\"mas-password-toggle-icon\" aria-hidden=\"true\"><\/span>\n                    <\/button>\n                <\/div>\n            <\/div>\n            <div class=\"mas-form-field mas-password-field\">\n                <label for=\"mas_confirm_password\">Confirme sua senha *<\/label>\n                <div class=\"mas-password-input-wrap\">\n                    <input type=\"password\" id=\"mas_confirm_password\" name=\"mas_confirm_password\" required minlength=\"6\" placeholder=\"******\" data-mas-password-toggle-target=\"1\">\n                    <button type=\"button\" class=\"mas-password-toggle\" data-mas-password-toggle aria-label=\"Mostrar senha\" aria-pressed=\"false\" title=\"Mostrar senha\">\n                        <span class=\"mas-password-toggle-icon\" aria-hidden=\"true\"><\/span>\n                    <\/button>\n                <\/div>\n            <\/div>\n        <\/div>\n        <div class=\"mas-form-field\">\n            <label for=\"mas_cpf\">CPF *<\/label>\n            <input type=\"text\" id=\"mas_cpf\" name=\"mas_cpf\" required placeholder=\"000.000.000-00\" inputmode=\"numeric\" maxlength=\"14\" data-mas-cpf-mask=\"1\" value=\"\">\n        <\/div>\n\n        <div class=\"mas-form-row-half\">\n            <div class=\"mas-form-field\">\n                <label for=\"mas_birth_date\">Data de nascimento *<\/label>\n                <input type=\"date\" id=\"mas_birth_date\" name=\"mas_birth_date\" required max=\"2008-04-05\" value=\"\" data-mas-min-age=\"18\" aria-describedby=\"mas_birth_date_error\">\n                <p id=\"mas_birth_date_error\" class=\"mas-inline-error\" aria-live=\"polite\"><\/p>\n            <\/div>\n            <div class=\"mas-form-field\">\n                <label for=\"mas_phone\">Telefone *<\/label>\n                <input type=\"text\" id=\"mas_phone\" name=\"mas_phone\" required placeholder=\"(00) 00000-0000\" value=\"\">\n            <\/div>\n            <div class=\"mas-form-field\">\n                <label for=\"mas_pix_key\">Chave Pix *<\/label>\n                <input type=\"text\" id=\"mas_pix_key\" name=\"mas_pix_key\" required placeholder=\"Informe o CPF usado como chave Pix\" inputmode=\"numeric\" maxlength=\"14\" data-mas-cpf-mask=\"1\" value=\"\">\n                <p class=\"mas-help-text\">Por seguran\u00e7a, aceitamos apenas chave Pix do tipo CPF, devendo ser a mesma do titular cadastrado na conta. N\u00e3o realizamos pagamentos para terceiros.<\/p>\n            <\/div>\n        <\/div>\n\n        <div class=\"mas-form-field mas-form-consent-field\">\n            <label for=\"mas_registration_consent\" class=\"mas-consent-label\">\n                <span class=\"mas-consent-inline\">\n                    <input type=\"checkbox\" id=\"mas_registration_consent\" name=\"mas_registration_consent\" value=\"1\" required >\n                    <span class=\"mas-consent-prefix\"><strong>Sim, eu concordo.<\/strong><\/span>\n                <\/span>\n                <span class=\"mas-consent-text\"><div class=\"legal-notice\" style=\"text-align: center;font-size: 14px;margin-top: 20px\">\r\n\r\nAo criar sua conta, voc\u00ea declara que leu e concorda com o\r\n<a href=\"https:\/\/appfid.com\/br\/programa-de-participacao\/\" target=\"_blank\" rel=\"noopener\">Programa de Participa\u00e7\u00e3o<\/a>, os <a href=\"https:\/\/appfid.com\/br\/termos-de-uso\/\" target=\"_blank\" rel=\"noopener\">Termos de Uso <\/a>e a <a href=\"https:\/\/appfid.com\/br\/politica-de-privacidade-do-site\/\" target=\"_blank\" rel=\"noopener\">Pol\u00edtica de Privacidade<\/a>.\r\n<p style=\"font-size: 12px;color: #888\">Ao criar sua conta, voc\u00ea concorda que a participa\u00e7\u00e3o \u00e9 volunt\u00e1ria, n\u00e3o constitui v\u00ednculo empregat\u00edcio, sujeita \u00e0s regras internas, e que as tarefas e recompensas s\u00e3o definidas conforme o modelo de monetiza\u00e7\u00e3o da plataforma, podendo variar de acordo com a disponibilidade, desempenho geral do sistema e viabilidade operacional.<\/p>\r\n<p style=\"font-size: 12px;color: #888\"><\/p>\r\n\r\n<\/div><\/span>\n            <\/label>\n        <\/div>\n\n        <div class=\"mas-form-submit\">\n            <button type=\"submit\" class=\"mas-btn mas-btn-primary\" data-mas-submit-button data-mas-submit-text=\"Criar cadastro\" data-mas-submit-busy-text=\"Criando cadastro...\">Criar conta<\/button>\n        <\/div>\n        \n        <div class=\"mas-form-links\">\n            <p>J\u00e1 tem uma conta? <a href=\"https:\/\/appfid.com\/br\/area-de-membros\/\">Fazer login<\/a><\/p>\n        <\/div>\n    <\/form>\n\n    <\/div>\n\n","protected":false},"excerpt":{"rendered":"","protected":false},"author":1,"featured_media":0,"parent":0,"menu_order":0,"comment_status":"closed","ping_status":"closed","template":"","meta":{"neve_meta_sidebar":"","neve_meta_container":"","neve_meta_enable_content_width":"off","neve_meta_content_width":100,"neve_meta_title_alignment":"","neve_meta_author_avatar":"","neve_post_elements_order":"","neve_meta_disable_header":"","neve_meta_disable_footer":"","neve_meta_disable_title":"","footnotes":""},"class_list":["post-18819","page","type-page","status-publish","hentry"],"yoast_head":"<!-- This site is optimized with the Yoast SEO plugin v27.3 - https:\/\/yoast.com\/product\/yoast-seo-wordpress\/ -->\n<title>Cadastro | Appfid BR\ud83c\udde7\ud83c\uddf7<\/title>\n<meta name=\"description\" content=\"Cadastro | Appfid BR\ud83c\udde7\ud83c\uddf7\" \/>\n<meta name=\"robots\" content=\"index, follow, max-snippet:-1, max-image-preview:large, max-video-preview:-1\" \/>\n<link rel=\"canonical\" href=\"https:\/\/appfid.com\/br\/cadastro\/\" \/>\n<meta property=\"og:locale\" content=\"pt_BR\" \/>\n<meta property=\"og:type\" content=\"article\" \/>\n<meta property=\"og:title\" content=\"Cadastro | Appfid BR\ud83c\udde7\ud83c\uddf7\" \/>\n<meta property=\"og:description\" content=\"Cadastro | Appfid BR\ud83c\udde7\ud83c\uddf7\" \/>\n<meta property=\"og:url\" content=\"https:\/\/appfid.com\/br\/cadastro\/\" \/>\n<meta property=\"og:site_name\" content=\"Appfid BR\ud83c\udde7\ud83c\uddf7\" \/>\n<meta property=\"article:publisher\" content=\"https:\/\/www.facebook.com\/appfid.br\" \/>\n<meta property=\"article:modified_time\" content=\"2026-03-20T14:52:33+00:00\" \/>\n<meta name=\"twitter:card\" content=\"summary_large_image\" \/>\n<meta name=\"twitter:label1\" content=\"Est. tempo de leitura\" \/>\n\t<meta name=\"twitter:data1\" content=\"1 minuto\" \/>\n<script type=\"application\/ld+json\" class=\"yoast-schema-graph\">{\"@context\":\"https:\\\/\\\/schema.org\",\"@graph\":[{\"@type\":\"WebPage\",\"@id\":\"https:\\\/\\\/appfid.com\\\/br\\\/cadastro\\\/\",\"url\":\"https:\\\/\\\/appfid.com\\\/br\\\/cadastro\\\/\",\"name\":\"Cadastro | Appfid BR\ud83c\udde7\ud83c\uddf7\",\"isPartOf\":{\"@id\":\"https:\\\/\\\/appfid.com\\\/br\\\/#website\"},\"datePublished\":\"2026-03-09T22:05:13+00:00\",\"dateModified\":\"2026-03-20T14:52:33+00:00\",\"description\":\"Cadastro | Appfid BR\ud83c\udde7\ud83c\uddf7\",\"breadcrumb\":{\"@id\":\"https:\\\/\\\/appfid.com\\\/br\\\/cadastro\\\/#breadcrumb\"},\"inLanguage\":\"pt-BR\",\"potentialAction\":[{\"@type\":\"ReadAction\",\"target\":[\"https:\\\/\\\/appfid.com\\\/br\\\/cadastro\\\/\"]}]},{\"@type\":\"BreadcrumbList\",\"@id\":\"https:\\\/\\\/appfid.com\\\/br\\\/cadastro\\\/#breadcrumb\",\"itemListElement\":[{\"@type\":\"ListItem\",\"position\":1,\"name\":\"In\u00edcio\",\"item\":\"https:\\\/\\\/appfid.com\\\/br\\\/\"},{\"@type\":\"ListItem\",\"position\":2,\"name\":\"Cadastro\"}]},{\"@type\":\"WebSite\",\"@id\":\"https:\\\/\\\/appfid.com\\\/br\\\/#website\",\"url\":\"https:\\\/\\\/appfid.com\\\/br\\\/\",\"name\":\"Appfid BR\",\"description\":\"Seu guia de compras inteligente!\",\"publisher\":{\"@id\":\"https:\\\/\\\/appfid.com\\\/br\\\/#organization\"},\"alternateName\":\"Appfid BR\",\"potentialAction\":[{\"@type\":\"SearchAction\",\"target\":{\"@type\":\"EntryPoint\",\"urlTemplate\":\"https:\\\/\\\/appfid.com\\\/br\\\/?s={search_term_string}\"},\"query-input\":{\"@type\":\"PropertyValueSpecification\",\"valueRequired\":true,\"valueName\":\"search_term_string\"}}],\"inLanguage\":\"pt-BR\"},{\"@type\":\"Organization\",\"@id\":\"https:\\\/\\\/appfid.com\\\/br\\\/#organization\",\"name\":\"Appfid BR\",\"alternateName\":\"Appfid BR\",\"url\":\"https:\\\/\\\/appfid.com\\\/br\\\/\",\"logo\":{\"@type\":\"ImageObject\",\"inLanguage\":\"pt-BR\",\"@id\":\"https:\\\/\\\/appfid.com\\\/br\\\/#\\\/schema\\\/logo\\\/image\\\/\",\"url\":\"https:\\\/\\\/appfid.com\\\/br\\\/wp-content\\\/uploads\\\/2026\\\/01\\\/images.png\",\"contentUrl\":\"https:\\\/\\\/appfid.com\\\/br\\\/wp-content\\\/uploads\\\/2026\\\/01\\\/images.png\",\"width\":225,\"height\":225,\"caption\":\"Appfid BR\"},\"image\":{\"@id\":\"https:\\\/\\\/appfid.com\\\/br\\\/#\\\/schema\\\/logo\\\/image\\\/\"},\"sameAs\":[\"https:\\\/\\\/www.facebook.com\\\/appfid.br\"]}]}<\/script>\n<!-- \/ Yoast SEO plugin. -->","yoast_head_json":{"title":"Cadastro | Appfid BR\ud83c\udde7\ud83c\uddf7","description":"Cadastro | Appfid BR\ud83c\udde7\ud83c\uddf7","robots":{"index":"index","follow":"follow","max-snippet":"max-snippet:-1","max-image-preview":"max-image-preview:large","max-video-preview":"max-video-preview:-1"},"canonical":"https:\/\/appfid.com\/br\/cadastro\/","og_locale":"pt_BR","og_type":"article","og_title":"Cadastro | Appfid BR\ud83c\udde7\ud83c\uddf7","og_description":"Cadastro | Appfid BR\ud83c\udde7\ud83c\uddf7","og_url":"https:\/\/appfid.com\/br\/cadastro\/","og_site_name":"Appfid BR\ud83c\udde7\ud83c\uddf7","article_publisher":"https:\/\/www.facebook.com\/appfid.br","article_modified_time":"2026-03-20T14:52:33+00:00","twitter_card":"summary_large_image","twitter_misc":{"Est. tempo de leitura":"1 minuto"},"schema":{"@context":"https:\/\/schema.org","@graph":[{"@type":"WebPage","@id":"https:\/\/appfid.com\/br\/cadastro\/","url":"https:\/\/appfid.com\/br\/cadastro\/","name":"Cadastro | Appfid BR\ud83c\udde7\ud83c\uddf7","isPartOf":{"@id":"https:\/\/appfid.com\/br\/#website"},"datePublished":"2026-03-09T22:05:13+00:00","dateModified":"2026-03-20T14:52:33+00:00","description":"Cadastro | Appfid BR\ud83c\udde7\ud83c\uddf7","breadcrumb":{"@id":"https:\/\/appfid.com\/br\/cadastro\/#breadcrumb"},"inLanguage":"pt-BR","potentialAction":[{"@type":"ReadAction","target":["https:\/\/appfid.com\/br\/cadastro\/"]}]},{"@type":"BreadcrumbList","@id":"https:\/\/appfid.com\/br\/cadastro\/#breadcrumb","itemListElement":[{"@type":"ListItem","position":1,"name":"In\u00edcio","item":"https:\/\/appfid.com\/br\/"},{"@type":"ListItem","position":2,"name":"Cadastro"}]},{"@type":"WebSite","@id":"https:\/\/appfid.com\/br\/#website","url":"https:\/\/appfid.com\/br\/","name":"Appfid BR","description":"Seu guia de compras inteligente!","publisher":{"@id":"https:\/\/appfid.com\/br\/#organization"},"alternateName":"Appfid BR","potentialAction":[{"@type":"SearchAction","target":{"@type":"EntryPoint","urlTemplate":"https:\/\/appfid.com\/br\/?s={search_term_string}"},"query-input":{"@type":"PropertyValueSpecification","valueRequired":true,"valueName":"search_term_string"}}],"inLanguage":"pt-BR"},{"@type":"Organization","@id":"https:\/\/appfid.com\/br\/#organization","name":"Appfid BR","alternateName":"Appfid BR","url":"https:\/\/appfid.com\/br\/","logo":{"@type":"ImageObject","inLanguage":"pt-BR","@id":"https:\/\/appfid.com\/br\/#\/schema\/logo\/image\/","url":"https:\/\/appfid.com\/br\/wp-content\/uploads\/2026\/01\/images.png","contentUrl":"https:\/\/appfid.com\/br\/wp-content\/uploads\/2026\/01\/images.png","width":225,"height":225,"caption":"Appfid BR"},"image":{"@id":"https:\/\/appfid.com\/br\/#\/schema\/logo\/image\/"},"sameAs":["https:\/\/www.facebook.com\/appfid.br"]}]}},"jetpack_sharing_enabled":true,"_links":{"self":[{"href":"https:\/\/appfid.com\/br\/wp-json\/wp\/v2\/pages\/18819","targetHints":{"allow":["GET"]}}],"collection":[{"href":"https:\/\/appfid.com\/br\/wp-json\/wp\/v2\/pages"}],"about":[{"href":"https:\/\/appfid.com\/br\/wp-json\/wp\/v2\/types\/page"}],"author":[{"embeddable":true,"href":"https:\/\/appfid.com\/br\/wp-json\/wp\/v2\/users\/1"}],"replies":[{"embeddable":true,"href":"https:\/\/appfid.com\/br\/wp-json\/wp\/v2\/comments?post=18819"}],"version-history":[{"count":5,"href":"https:\/\/appfid.com\/br\/wp-json\/wp\/v2\/pages\/18819\/revisions"}],"predecessor-version":[{"id":19541,"href":"https:\/\/appfid.com\/br\/wp-json\/wp\/v2\/pages\/18819\/revisions\/19541"}],"wp:attachment":[{"href":"https:\/\/appfid.com\/br\/wp-json\/wp\/v2\/media?parent=18819"}],"curies":[{"name":"wp","href":"https:\/\/api.w.org\/{rel}","templated":true}]}}